{"id":95372,"date":"2021-03-26T18:50:37","date_gmt":"2021-03-26T18:50:37","guid":{"rendered":"https:\/\/wp-stage.familylife.com\/vidaenfamilia\/?page_id=95372"},"modified":"2023-08-17T15:21:00","modified_gmt":"2023-08-17T20:21:00","slug":"cine","status":"publish","type":"page","link":"https:\/\/wp-stage.familylife.com\/vidaenfamilia\/como-flechas\/cine\/","title":{"rendered":"cine"},"content":{"rendered":"\t\t<div data-elementor-type=\"wp-page\" data-elementor-id=\"95372\" class=\"elementor elementor-95372\" data-elementor-post-type=\"page\">\n\t\t\t\t\t\t<section data-particle_enable=\"false\" data-particle-mobile-disabled=\"false\" class=\"elementor-section elementor-top-section elementor-element elementor-element-2757b816 elementor-section-boxed elementor-section-height-default elementor-section-height-default\" data-id=\"2757b816\" data-element_type=\"section\">\n\t\t\t\t\t\t<div class=\"elementor-container elementor-column-gap-default\">\n\t\t\t\t\t<div class=\"elementor-column elementor-col-100 elementor-top-column elementor-element elementor-element-faae9e7\" data-id=\"faae9e7\" data-element_type=\"column\">\n\t\t\t<div class=\"elementor-widget-wrap elementor-element-populated\">\n\t\t\t\t\t\t<section data-particle_enable=\"false\" data-particle-mobile-disabled=\"false\" class=\"elementor-section elementor-inner-section elementor-element elementor-element-37895438 elementor-section-boxed elementor-section-height-default elementor-section-height-default\" data-id=\"37895438\" data-element_type=\"section\">\n\t\t\t\t\t\t<div class=\"elementor-container elementor-column-gap-default\">\n\t\t\t\t\t<div class=\"elementor-column elementor-col-50 elementor-inner-column elementor-element elementor-element-6fc41f8b\" data-id=\"6fc41f8b\" data-element_type=\"column\">\n\t\t\t<div class=\"elementor-widget-wrap elementor-element-populated\">\n\t\t\t\t\t\t<div class=\"elementor-element elementor-element-2b0b4f7e elementor-widget elementor-widget-heading\" data-id=\"2b0b4f7e\" data-element_type=\"widget\" data-widget_type=\"heading.default\">\n\t\t\t\t<div class=\"elementor-widget-container\">\n\t\t\t\t\t<h2 class=\"elementor-heading-title elementor-size-default\">Como Flechas<\/h2>\t\t\t\t<\/div>\n\t\t\t\t<\/div>\n\t\t\t\t<div class=\"elementor-element elementor-element-186f6ed2 elementor-widget elementor-widget-text-editor\" data-id=\"186f6ed2\" data-element_type=\"widget\" data-widget_type=\"text-editor.default\">\n\t\t\t\t<div class=\"elementor-widget-container\">\n\t\t\t\t\t\t\t\t\t<p style=\"text-align: center;\">TE INVITAMOS A EMPRENDER ESTA INCRE\u00cdBLE AVENTURA<\/p>\n<h3>Lo m\u00e1s importante para la familia es permitir que Dios y Su Palabra est\u00e9n dirigiendo nuestras vidas<\/h3>\n<p><span style=\"font-size: 15px;\">\u00dananse al movimiento de padres comprometidos a construir un legado santo para las generaciones que siguen \u2014 Inscribanse con un grupo local de <i><b>El Arte de Ser Padres<\/b><\/i>, grupos hogare\u00f1os de padres que forman lazos de amistad al implementar los \u00e0sos esenciales de la crianza b\u00edblica.<\/span><\/p>\n<div><a style=\"background-color: #f9f9f9;\" href=\"http:\/\/vidaenfamilia.org\/representantes\/\" target=\"_blank\" rel=\"noopener\">Cont\u00e1ctate con los representantes m\u00e1s cercanos<\/a><span style=\"font-size: 15px;\">&nbsp;para unirte a un grupo local de <i>El Arte de Ser Padres<\/i>.<\/span><\/div>\n<div style=\"text-align: center;\"><a href=\"https:\/\/www.vidaenfamilia.org\/ser-padres\/\" target=\"_blank\" rel=\"noopener\">M\u00e1s informaci\u00f3n sobre el estudio completo en DVD y el mini-curso en l\u00ednea<\/a><span style=\"font-size: 15px;\">.<\/span><\/div>\n<div style=\"text-align: center;\"><span style=\"font-size: 15px;\">&nbsp;<\/span><\/div>\n<div style=\"text-align: center;\"><span style=\"font-size: 15px;\">\u00a1Ingresa tus datos abajo para ingresar gratis a la pel\u00edcula completa Como Flechas!<\/span><\/div>\n<div style=\"text-align: center;\">Y despu\u00e9s de la pel\u00edcula, no se te olvide unirte a un grupo local de&nbsp;<a href=\"https:\/\/www.vidaenfamilia.org\/ser-padres\/\" target=\"_blank\">El Arte de Ser Padres<\/a>.<\/div>\t\t\t\t\t\t\t\t<\/div>\n\t\t\t\t<\/div>\n\t\t\t\t\t<\/div>\n\t\t<\/div>\n\t\t\t\t<div class=\"elementor-column elementor-col-50 elementor-inner-column elementor-element elementor-element-38423ccf\" data-id=\"38423ccf\" data-element_type=\"column\">\n\t\t\t<div class=\"elementor-widget-wrap elementor-element-populated\">\n\t\t\t\t\t\t<div class=\"elementor-element elementor-element-6fdb1382 elementor-widget elementor-widget-image\" data-id=\"6fdb1382\" data-element_type=\"widget\" data-widget_type=\"image.default\">\n\t\t\t\t<div class=\"elementor-widget-container\">\n\t\t\t\t\t\t\t\t\t\t\t\t\t\t\t<img decoding=\"async\" src=\"https:\/\/wp-stage.familylife.com\/vidaenfamilia\/wp-content\/uploads\/sites\/254\/2019\/09\/ComoFlechas-Vertical.jpg?w=768\" title=\"ComoFlechas \u2013 Vertical\" alt=\"Como Flechas\" loading=\"lazy\" \/>\t\t\t\t\t\t\t\t\t\t\t\t\t\t\t<\/div>\n\t\t\t\t<\/div>\n\t\t\t\t\t<\/div>\n\t\t<\/div>\n\t\t\t\t\t<\/div>\n\t\t<\/section>\n\t\t\t\t\t<\/div>\n\t\t<\/div>\n\t\t\t\t\t<\/div>\n\t\t<\/section>\n\t\t\t\t<section data-particle_enable=\"false\" data-particle-mobile-disabled=\"false\" class=\"elementor-section elementor-top-section elementor-element elementor-element-4c957ad8 elementor-section-boxed elementor-section-height-default elementor-section-height-default\" data-id=\"4c957ad8\" data-element_type=\"section\">\n\t\t\t\t\t\t<div class=\"elementor-container elementor-column-gap-default\">\n\t\t\t\t\t<div class=\"elementor-column elementor-col-100 elementor-top-column elementor-element elementor-element-fef8c93\" data-id=\"fef8c93\" data-element_type=\"column\">\n\t\t\t<div class=\"elementor-widget-wrap elementor-element-populated\">\n\t\t\t\t\t\t<div class=\"elementor-element elementor-element-f36e84f elementor-widget-divider--view-line elementor-widget elementor-widget-divider\" data-id=\"f36e84f\" data-element_type=\"widget\" data-widget_type=\"divider.default\">\n\t\t\t\t<div class=\"elementor-widget-container\">\n\t\t\t\t\t\t\t<div class=\"elementor-divider\">\n\t\t\t<span class=\"elementor-divider-separator\">\n\t\t\t\t\t\t<\/span>\n\t\t<\/div>\n\t\t\t\t\t\t<\/div>\n\t\t\t\t<\/div>\n\t\t\t\t\t<\/div>\n\t\t<\/div>\n\t\t\t\t\t<\/div>\n\t\t<\/section>\n\t\t\t\t<section data-particle_enable=\"false\" data-particle-mobile-disabled=\"false\" class=\"elementor-section elementor-top-section elementor-element elementor-element-51d8564 elementor-section-boxed elementor-section-height-default elementor-section-height-default\" data-id=\"51d8564\" data-element_type=\"section\">\n\t\t\t\t\t\t<div class=\"elementor-container elementor-column-gap-default\">\n\t\t\t\t\t<div class=\"elementor-column elementor-col-100 elementor-top-column elementor-element elementor-element-2210734\" data-id=\"2210734\" data-element_type=\"column\">\n\t\t\t<div class=\"elementor-widget-wrap elementor-element-populated\">\n\t\t\t\t\t\t<div class=\"elementor-element elementor-element-c7e06d5 elementor-button-align-center elementor-widget elementor-widget-form\" data-id=\"c7e06d5\" data-element_type=\"widget\" data-settings=\"{&quot;step_next_label&quot;:&quot;Next&quot;,&quot;step_previous_label&quot;:&quot;Previous&quot;,&quot;button_width&quot;:&quot;100&quot;,&quot;step_type&quot;:&quot;number_text&quot;,&quot;step_icon_shape&quot;:&quot;circle&quot;}\" data-widget_type=\"form.default\">\n\t\t\t\t<div class=\"elementor-widget-container\">\n\t\t\t\t\t\t\t<form class=\"elementor-form\" method=\"post\" id=\"donor_downloads_form\" name=\"Donor Contact Form\" aria-label=\"Donor Contact Form\">\n\t\t\t<input type=\"hidden\" name=\"post_id\" value=\"95372\"\/>\n\t\t\t<input type=\"hidden\" name=\"form_id\" value=\"c7e06d5\"\/>\n\t\t\t<input type=\"hidden\" name=\"referer_title\" value=\"cine - Vida en Familia\" \/>\n\n\t\t\t\t\t\t\t<input type=\"hidden\" name=\"queried_id\" value=\"95372\"\/>\n\t\t\t\n\t\t\t<div class=\"elementor-form-fields-wrapper elementor-labels-above\">\n\t\t\t\t\t\t\t\t<div class=\"elementor-field-type-email elementor-field-group elementor-column elementor-field-group-email elementor-col-50 elementor-field-required elementor-mark-required\">\n\t\t\t\t\t\t\t\t\t\t\t\t<label for=\"form-field-email\" class=\"elementor-field-label\">\n\t\t\t\t\t\t\t\tEmail\t\t\t\t\t\t\t<\/label>\n\t\t\t\t\t\t\t\t\t\t\t\t\t\t<input size=\"1\" type=\"email\" name=\"form_fields[email]\" id=\"form-field-email\" class=\"elementor-field elementor-size-sm  elementor-field-textual\" placeholder=\"Email\" required=\"required\">\n\t\t\t\t\t\t\t\t\t\t\t<\/div>\n\t\t\t\t\t\t\t\t<div class=\"elementor-field-type-text elementor-field-group elementor-column elementor-field-group-country elementor-col-50 elementor-field-required elementor-mark-required\">\n\t\t\t\t\t\t\t\t\t\t\t\t<label for=\"form-field-country\" class=\"elementor-field-label\">\n\t\t\t\t\t\t\t\tPa\u00eds\t\t\t\t\t\t\t<\/label>\n\t\t\t\t\t\t\t\t\t\t\t\t\t\t<input size=\"1\" type=\"text\" name=\"form_fields[country]\" id=\"form-field-country\" class=\"elementor-field elementor-size-sm  elementor-field-textual\" placeholder=\"Pa\u00eds\" required=\"required\">\n\t\t\t\t\t\t\t\t\t\t\t<\/div>\n\t\t\t\t\t\t\t\t<div class=\"elementor-field-type-text elementor-field-group elementor-column elementor-field-group-name elementor-col-50\">\n\t\t\t\t\t\t\t\t\t\t\t\t<label for=\"form-field-name\" class=\"elementor-field-label\">\n\t\t\t\t\t\t\t\tNombre\t\t\t\t\t\t\t<\/label>\n\t\t\t\t\t\t\t\t\t\t\t\t\t\t<input size=\"1\" type=\"text\" name=\"form_fields[name]\" id=\"form-field-name\" class=\"elementor-field elementor-size-sm  elementor-field-textual\" placeholder=\"Nombre\">\n\t\t\t\t\t\t\t\t\t\t\t<\/div>\n\t\t\t\t\t\t\t\t<div class=\"elementor-field-type-text elementor-field-group elementor-column elementor-field-group-last_name elementor-col-50\">\n\t\t\t\t\t\t\t\t\t\t\t\t<label for=\"form-field-last_name\" class=\"elementor-field-label\">\n\t\t\t\t\t\t\t\tApellido\t\t\t\t\t\t\t<\/label>\n\t\t\t\t\t\t\t\t\t\t\t\t\t\t<input size=\"1\" type=\"text\" name=\"form_fields[last_name]\" id=\"form-field-last_name\" class=\"elementor-field elementor-size-sm  elementor-field-textual\" placeholder=\"Apellido\">\n\t\t\t\t\t\t\t\t\t\t\t<\/div>\n\t\t\t\t\t\t\t\t<div class=\"elementor-field-type-text elementor-field-group elementor-column elementor-field-group-field_58d1b7a elementor-col-50\">\n\t\t\t\t\t\t\t\t\t\t\t\t<label for=\"form-field-field_58d1b7a\" class=\"elementor-field-label\">\n\t\t\t\t\t\t\t\tM\u00f3vil \/ WhatsApp\t\t\t\t\t\t\t<\/label>\n\t\t\t\t\t\t\t\t\t\t\t\t\t\t<input size=\"1\" type=\"text\" name=\"form_fields[field_58d1b7a]\" id=\"form-field-field_58d1b7a\" class=\"elementor-field elementor-size-sm  elementor-field-textual\" placeholder=\"M\u00f3vil \/ WhatsApp\">\n\t\t\t\t\t\t\t\t\t\t\t<\/div>\n\t\t\t\t\t\t\t\t<div class=\"elementor-field-type-text elementor-field-group elementor-column elementor-field-group-city elementor-col-50\">\n\t\t\t\t\t\t\t\t\t\t\t\t<label for=\"form-field-city\" class=\"elementor-field-label\">\n\t\t\t\t\t\t\t\tCiudad\t\t\t\t\t\t\t<\/label>\n\t\t\t\t\t\t\t\t\t\t\t\t\t\t<input size=\"1\" type=\"text\" name=\"form_fields[city]\" id=\"form-field-city\" class=\"elementor-field elementor-size-sm  elementor-field-textual\" placeholder=\"Ciudad\">\n\t\t\t\t\t\t\t\t\t\t\t<\/div>\n\t\t\t\t\t\t\t\t<div class=\"elementor-field-type-textarea elementor-field-group elementor-column elementor-field-group-comentarios elementor-col-100\">\n\t\t\t\t\t\t\t\t\t\t\t\t<label for=\"form-field-comentarios\" class=\"elementor-field-label\">\n\t\t\t\t\t\t\t\tComentarios\t\t\t\t\t\t\t<\/label>\n\t\t\t\t\t\t<textarea class=\"elementor-field-textual elementor-field  elementor-size-sm\" name=\"form_fields[comentarios]\" id=\"form-field-comentarios\" rows=\"4\" placeholder=\"Comentarios\"><\/textarea>\t\t\t\t<\/div>\n\t\t\t\t\t\t\t\t<div class=\"elementor-field-group elementor-column elementor-field-type-submit elementor-col-100 e-form__buttons\">\n\t\t\t\t\t<button class=\"elementor-button elementor-size-sm\" type=\"submit\" id=\"send_button\">\n\t\t\t\t\t\t<span class=\"elementor-button-content-wrapper\">\n\t\t\t\t\t\t\t\t\t\t\t\t\t\t\t\t\t\t\t\t\t\t<span class=\"elementor-button-text\">Entrar al Cine<\/span>\n\t\t\t\t\t\t\t\t\t\t\t\t\t<\/span>\n\t\t\t\t\t<\/button>\n\t\t\t\t<\/div>\n\t\t\t<\/div>\n\t\t<\/form>\n\t\t\t\t\t\t<\/div>\n\t\t\t\t<\/div>\n\t\t\t\t\t<\/div>\n\t\t<\/div>\n\t\t\t\t\t<\/div>\n\t\t<\/section>\n\t\t\t\t<section data-particle_enable=\"false\" data-particle-mobile-disabled=\"false\" class=\"elementor-section elementor-top-section elementor-element elementor-element-1f6a2ad0 elementor-section-boxed elementor-section-height-default elementor-section-height-default\" data-id=\"1f6a2ad0\" data-element_type=\"section\">\n\t\t\t\t\t\t<div class=\"elementor-container elementor-column-gap-default\">\n\t\t\t\t\t<div class=\"elementor-column elementor-col-100 elementor-top-column elementor-element elementor-element-2b994225\" data-id=\"2b994225\" data-element_type=\"column\">\n\t\t\t<div class=\"elementor-widget-wrap elementor-element-populated\">\n\t\t\t\t\t\t<div class=\"elementor-element elementor-element-2c90aa3 elementor-widget-divider--view-line elementor-widget elementor-widget-divider\" data-id=\"2c90aa3\" data-element_type=\"widget\" data-widget_type=\"divider.default\">\n\t\t\t\t<div class=\"elementor-widget-container\">\n\t\t\t\t\t\t\t<div class=\"elementor-divider\">\n\t\t\t<span class=\"elementor-divider-separator\">\n\t\t\t\t\t\t<\/span>\n\t\t<\/div>\n\t\t\t\t\t\t<\/div>\n\t\t\t\t<\/div>\n\t\t\t\t\t<\/div>\n\t\t<\/div>\n\t\t\t\t\t<\/div>\n\t\t<\/section>\n\t\t\t\t<section data-particle_enable=\"false\" data-particle-mobile-disabled=\"false\" class=\"elementor-section elementor-top-section elementor-element elementor-element-681ab9cf elementor-section-boxed elementor-section-height-default elementor-section-height-default\" data-id=\"681ab9cf\" data-element_type=\"section\">\n\t\t\t\t\t\t<div class=\"elementor-container elementor-column-gap-default\">\n\t\t\t\t\t<div class=\"elementor-column elementor-col-100 elementor-top-column elementor-element elementor-element-722d77bc\" data-id=\"722d77bc\" data-element_type=\"column\">\n\t\t\t<div class=\"elementor-widget-wrap elementor-element-populated\">\n\t\t\t\t\t\t<div class=\"elementor-element elementor-element-4f50b7ec elementor-widget elementor-widget-text-editor\" data-id=\"4f50b7ec\" data-element_type=\"widget\" data-widget_type=\"text-editor.default\">\n\t\t\t\t<div class=\"elementor-widget-container\">\n\t\t\t\t\t\t\t\t\t<p>Nota: Al hacer clic en el bot\u00f3n de &#8220;Enviar&#8221;, aceptas recibir correo electr\u00f3nico de FamilyLife y la <a href=\"https:\/\/www.vidaenfamilia.org\/politica-de-privacidad\/\" target=\"_blank\" rel=\"noopener\">pol\u00edtica de privacidad<\/a> de FamilyLife.<\/p>\t\t\t\t\t\t\t\t<\/div>\n\t\t\t\t<\/div>\n\t\t\t\t\t<\/div>\n\t\t<\/div>\n\t\t\t\t\t<\/div>\n\t\t<\/section>\n\t\t\t\t<\/div>\n\t\t","protected":false},"excerpt":{"rendered":"<p>Como Flechas TE INVITAMOS A EMPRENDER ESTA INCRE\u00cdBLE AVENTURA Lo m\u00e1s importante para la familia es permitir que Dios y Su Palabra est\u00e9n dirigiendo nuestras vidas \u00dananse al movimiento de padres comprometidos a construir un legado santo para las generaciones que siguen \u2014 Inscribanse con un grupo local de El Arte de Ser Padres, grupos [&hellip;]<\/p>\n","protected":false},"author":6633,"featured_media":0,"parent":91925,"menu_order":0,"comment_status":"closed","ping_status":"closed","template":"","meta":{"_acf_changed":false,"inline_featured_image":false,"fl_requires_login":false,"footnotes":""},"class_list":["post-95372","page","type-page","status-publish","hentry"],"acf":[],"yoast_head":"<!-- This site is optimized with the Yoast SEO Premium plugin v18.3 (Yoast SEO v26.7) - https:\/\/yoast.com\/wordpress\/plugins\/seo\/ -->\n<title>cine - Vida en Familia<\/title>\n<meta name=\"robots\" content=\"index, follow, max-snippet:-1, max-image-preview:large, max-video-preview:-1\" \/>\n<link rel=\"canonical\" href=\"https:\/\/wp-stage.familylife.com\/vidaenfamilia\/como-flechas\/cine\/\" \/>\n<meta property=\"og:locale\" content=\"es_ES\" \/>\n<meta property=\"og:type\" content=\"article\" \/>\n<meta property=\"og:title\" content=\"cine\" \/>\n<meta property=\"og:description\" content=\"Como Flechas TE INVITAMOS A EMPRENDER ESTA INCRE\u00cdBLE AVENTURA Lo m\u00e1s importante para la familia es permitir que Dios y Su Palabra est\u00e9n dirigiendo nuestras vidas \u00dananse al movimiento de padres comprometidos a construir un legado santo para las generaciones que siguen \u2014 Inscribanse con un grupo local de El Arte de Ser Padres, grupos [&hellip;]\" \/>\n<meta property=\"og:url\" content=\"https:\/\/wp-stage.familylife.com\/vidaenfamilia\/como-flechas\/cine\/\" \/>\n<meta property=\"og:site_name\" content=\"Vida en Familia\" \/>\n<meta property=\"article:modified_time\" content=\"2023-08-17T20:21:00+00:00\" \/>\n<meta property=\"og:image\" content=\"https:\/\/wp-stage.familylife.com\/vidaenfamilia\/wp-content\/uploads\/sites\/254\/2019\/09\/ComoFlechas-Vertical-768x1125.jpg\" \/>\n<meta name=\"twitter:card\" content=\"summary_large_image\" \/>\n<meta name=\"twitter:label1\" content=\"Tiempo de lectura\" \/>\n\t<meta name=\"twitter:data1\" content=\"1 minuto\" \/>\n<script type=\"application\/ld+json\" class=\"yoast-schema-graph\">{\"@context\":\"https:\/\/schema.org\",\"@graph\":[{\"@type\":\"WebPage\",\"@id\":\"https:\/\/wp-stage.familylife.com\/vidaenfamilia\/como-flechas\/cine\/\",\"url\":\"https:\/\/wp-stage.familylife.com\/vidaenfamilia\/como-flechas\/cine\/\",\"name\":\"cine - Vida en Familia\",\"isPartOf\":{\"@id\":\"https:\/\/wp-stage.familylife.com\/vidaenfamilia\/#website\"},\"primaryImageOfPage\":{\"@id\":\"https:\/\/wp-stage.familylife.com\/vidaenfamilia\/como-flechas\/cine\/#primaryimage\"},\"image\":{\"@id\":\"https:\/\/wp-stage.familylife.com\/vidaenfamilia\/como-flechas\/cine\/#primaryimage\"},\"thumbnailUrl\":\"https:\/\/wp-stage.familylife.com\/vidaenfamilia\/wp-content\/uploads\/sites\/254\/2019\/09\/ComoFlechas-Vertical-768x1125.jpg\",\"datePublished\":\"2021-03-26T18:50:37+00:00\",\"dateModified\":\"2023-08-17T20:21:00+00:00\",\"breadcrumb\":{\"@id\":\"https:\/\/wp-stage.familylife.com\/vidaenfamilia\/como-flechas\/cine\/#breadcrumb\"},\"inLanguage\":\"es\",\"potentialAction\":[{\"@type\":\"ReadAction\",\"target\":[\"https:\/\/wp-stage.familylife.com\/vidaenfamilia\/como-flechas\/cine\/\"]}]},{\"@type\":\"ImageObject\",\"inLanguage\":\"es\",\"@id\":\"https:\/\/wp-stage.familylife.com\/vidaenfamilia\/como-flechas\/cine\/#primaryimage\",\"url\":\"https:\/\/wp-stage.familylife.com\/vidaenfamilia\/wp-content\/uploads\/sites\/254\/2019\/09\/ComoFlechas-Vertical.jpg\",\"contentUrl\":\"https:\/\/wp-stage.familylife.com\/vidaenfamilia\/wp-content\/uploads\/sites\/254\/2019\/09\/ComoFlechas-Vertical.jpg\",\"width\":2100,\"height\":3075,\"caption\":\"Como Flechas\"},{\"@type\":\"BreadcrumbList\",\"@id\":\"https:\/\/wp-stage.familylife.com\/vidaenfamilia\/como-flechas\/cine\/#breadcrumb\",\"itemListElement\":[{\"@type\":\"ListItem\",\"position\":1,\"name\":\"Home\",\"item\":\"https:\/\/wp-stage.familylife.com\/vidaenfamilia\/\"},{\"@type\":\"ListItem\",\"position\":2,\"name\":\"Como flechas\",\"item\":\"https:\/\/wp-stage.familylife.com\/vidaenfamilia\/como-flechas\/\"},{\"@type\":\"ListItem\",\"position\":3,\"name\":\"cine\"}]},{\"@type\":\"WebSite\",\"@id\":\"https:\/\/wp-stage.familylife.com\/vidaenfamilia\/#website\",\"url\":\"https:\/\/wp-stage.familylife.com\/vidaenfamilia\/\",\"name\":\"Vida en Familia\",\"description\":\"FamilyLifeLAC\",\"potentialAction\":[{\"@type\":\"SearchAction\",\"target\":{\"@type\":\"EntryPoint\",\"urlTemplate\":\"https:\/\/wp-stage.familylife.com\/vidaenfamilia\/?s={search_term_string}\"},\"query-input\":{\"@type\":\"PropertyValueSpecification\",\"valueRequired\":true,\"valueName\":\"search_term_string\"}}],\"inLanguage\":\"es\"}]}<\/script>\n<!-- \/ Yoast SEO Premium plugin. -->","yoast_head_json":{"title":"cine - Vida en Familia","robots":{"index":"index","follow":"follow","max-snippet":"max-snippet:-1","max-image-preview":"max-image-preview:large","max-video-preview":"max-video-preview:-1"},"canonical":"https:\/\/wp-stage.familylife.com\/vidaenfamilia\/como-flechas\/cine\/","og_locale":"es_ES","og_type":"article","og_title":"cine","og_description":"Como Flechas TE INVITAMOS A EMPRENDER ESTA INCRE\u00cdBLE AVENTURA Lo m\u00e1s importante para la familia es permitir que Dios y Su Palabra est\u00e9n dirigiendo nuestras vidas \u00dananse al movimiento de padres comprometidos a construir un legado santo para las generaciones que siguen \u2014 Inscribanse con un grupo local de El Arte de Ser Padres, grupos [&hellip;]","og_url":"https:\/\/wp-stage.familylife.com\/vidaenfamilia\/como-flechas\/cine\/","og_site_name":"Vida en Familia","article_modified_time":"2023-08-17T20:21:00+00:00","og_image":[{"url":"https:\/\/wp-stage.familylife.com\/vidaenfamilia\/wp-content\/uploads\/sites\/254\/2019\/09\/ComoFlechas-Vertical-768x1125.jpg","type":"","width":"","height":""}],"twitter_card":"summary_large_image","twitter_misc":{"Tiempo de lectura":"1 minuto"},"schema":{"@context":"https:\/\/schema.org","@graph":[{"@type":"WebPage","@id":"https:\/\/wp-stage.familylife.com\/vidaenfamilia\/como-flechas\/cine\/","url":"https:\/\/wp-stage.familylife.com\/vidaenfamilia\/como-flechas\/cine\/","name":"cine - Vida en Familia","isPartOf":{"@id":"https:\/\/wp-stage.familylife.com\/vidaenfamilia\/#website"},"primaryImageOfPage":{"@id":"https:\/\/wp-stage.familylife.com\/vidaenfamilia\/como-flechas\/cine\/#primaryimage"},"image":{"@id":"https:\/\/wp-stage.familylife.com\/vidaenfamilia\/como-flechas\/cine\/#primaryimage"},"thumbnailUrl":"https:\/\/wp-stage.familylife.com\/vidaenfamilia\/wp-content\/uploads\/sites\/254\/2019\/09\/ComoFlechas-Vertical-768x1125.jpg","datePublished":"2021-03-26T18:50:37+00:00","dateModified":"2023-08-17T20:21:00+00:00","breadcrumb":{"@id":"https:\/\/wp-stage.familylife.com\/vidaenfamilia\/como-flechas\/cine\/#breadcrumb"},"inLanguage":"es","potentialAction":[{"@type":"ReadAction","target":["https:\/\/wp-stage.familylife.com\/vidaenfamilia\/como-flechas\/cine\/"]}]},{"@type":"ImageObject","inLanguage":"es","@id":"https:\/\/wp-stage.familylife.com\/vidaenfamilia\/como-flechas\/cine\/#primaryimage","url":"https:\/\/wp-stage.familylife.com\/vidaenfamilia\/wp-content\/uploads\/sites\/254\/2019\/09\/ComoFlechas-Vertical.jpg","contentUrl":"https:\/\/wp-stage.familylife.com\/vidaenfamilia\/wp-content\/uploads\/sites\/254\/2019\/09\/ComoFlechas-Vertical.jpg","width":2100,"height":3075,"caption":"Como Flechas"},{"@type":"BreadcrumbList","@id":"https:\/\/wp-stage.familylife.com\/vidaenfamilia\/como-flechas\/cine\/#breadcrumb","itemListElement":[{"@type":"ListItem","position":1,"name":"Home","item":"https:\/\/wp-stage.familylife.com\/vidaenfamilia\/"},{"@type":"ListItem","position":2,"name":"Como flechas","item":"https:\/\/wp-stage.familylife.com\/vidaenfamilia\/como-flechas\/"},{"@type":"ListItem","position":3,"name":"cine"}]},{"@type":"WebSite","@id":"https:\/\/wp-stage.familylife.com\/vidaenfamilia\/#website","url":"https:\/\/wp-stage.familylife.com\/vidaenfamilia\/","name":"Vida en Familia","description":"FamilyLifeLAC","potentialAction":[{"@type":"SearchAction","target":{"@type":"EntryPoint","urlTemplate":"https:\/\/wp-stage.familylife.com\/vidaenfamilia\/?s={search_term_string}"},"query-input":{"@type":"PropertyValueSpecification","valueRequired":true,"valueName":"search_term_string"}}],"inLanguage":"es"}]}},"meta_box":{"_cloudsearch_visibility":""},"_links":{"self":[{"href":"https:\/\/wp-stage.familylife.com\/vidaenfamilia\/wp-json\/wp\/v2\/pages\/95372","targetHints":{"allow":["GET"]}}],"collection":[{"href":"https:\/\/wp-stage.familylife.com\/vidaenfamilia\/wp-json\/wp\/v2\/pages"}],"about":[{"href":"https:\/\/wp-stage.familylife.com\/vidaenfamilia\/wp-json\/wp\/v2\/types\/page"}],"author":[{"embeddable":true,"href":"https:\/\/wp-stage.familylife.com\/vidaenfamilia\/wp-json\/wp\/v2\/users\/6633"}],"replies":[{"embeddable":true,"href":"https:\/\/wp-stage.familylife.com\/vidaenfamilia\/wp-json\/wp\/v2\/comments?post=95372"}],"version-history":[{"count":1,"href":"https:\/\/wp-stage.familylife.com\/vidaenfamilia\/wp-json\/wp\/v2\/pages\/95372\/revisions"}],"predecessor-version":[{"id":98710,"href":"https:\/\/wp-stage.familylife.com\/vidaenfamilia\/wp-json\/wp\/v2\/pages\/95372\/revisions\/98710"}],"up":[{"embeddable":true,"href":"https:\/\/wp-stage.familylife.com\/vidaenfamilia\/wp-json\/wp\/v2\/pages\/91925"}],"wp:attachment":[{"href":"https:\/\/wp-stage.familylife.com\/vidaenfamilia\/wp-json\/wp\/v2\/media?parent=95372"}],"curies":[{"name":"wp","href":"https:\/\/api.w.org\/{rel}","templated":true}]}}