{"id":91701,"date":"2019-08-29T14:14:26","date_gmt":"2019-08-29T14:14:26","guid":{"rendered":"https:\/\/sites-stage.familylife.com\/vidaenfamilia\/?page_id=91701"},"modified":"2019-08-29T14:14:26","modified_gmt":"2019-08-29T14:14:26","slug":"pastores-y-lideres","status":"publish","type":"page","link":"https:\/\/wp-stage.familylife.com\/vidaenfamilia\/pastores-y-lideres\/","title":{"rendered":"Pastores y L\u00edderes"},"content":{"rendered":"\t\t<div data-elementor-type=\"wp-post\" data-elementor-id=\"91701\" class=\"elementor elementor-91701\" data-elementor-post-type=\"page\">\n\t\t\t\t\t\t<section data-particle_enable=\"false\" data-particle-mobile-disabled=\"false\" class=\"elementor-section elementor-top-section elementor-element elementor-element-3e829b3 elementor-section-full_width elementor-section-height-min-height elementor-section-items-top elementor-section-height-default\" data-id=\"3e829b3\" data-element_type=\"section\" data-settings=\"{&quot;background_background&quot;:&quot;classic&quot;}\">\n\t\t\t\t\t\t<div class=\"elementor-container elementor-column-gap-default\">\n\t\t\t\t\t<div class=\"elementor-column elementor-col-50 elementor-top-column elementor-element elementor-element-c40fd42\" data-id=\"c40fd42\" data-element_type=\"column\">\n\t\t\t<div class=\"elementor-widget-wrap\">\n\t\t\t\t\t\t\t<\/div>\n\t\t<\/div>\n\t\t\t\t<div class=\"elementor-column elementor-col-50 elementor-top-column elementor-element elementor-element-df5fdc2\" data-id=\"df5fdc2\" data-element_type=\"column\">\n\t\t\t<div class=\"elementor-widget-wrap\">\n\t\t\t\t\t\t\t<\/div>\n\t\t<\/div>\n\t\t\t\t\t<\/div>\n\t\t<\/section>\n\t\t\t\t<section data-particle_enable=\"false\" data-particle-mobile-disabled=\"false\" class=\"elementor-section elementor-top-section elementor-element elementor-element-356601b elementor-section-boxed elementor-section-height-default elementor-section-height-default\" data-id=\"356601b\" data-element_type=\"section\">\n\t\t\t\t\t\t<div class=\"elementor-container elementor-column-gap-default\">\n\t\t\t\t\t<div class=\"elementor-column elementor-col-100 elementor-top-column elementor-element elementor-element-936b45f\" data-id=\"936b45f\" data-element_type=\"column\">\n\t\t\t<div class=\"elementor-widget-wrap elementor-element-populated\">\n\t\t\t\t\t\t<div class=\"elementor-element elementor-element-ca0d4d9 elementor-widget elementor-widget-spacer\" data-id=\"ca0d4d9\" data-element_type=\"widget\" data-widget_type=\"spacer.default\">\n\t\t\t\t<div class=\"elementor-widget-container\">\n\t\t\t\t\t\t\t<div class=\"elementor-spacer\">\n\t\t\t<div class=\"elementor-spacer-inner\"><\/div>\n\t\t<\/div>\n\t\t\t\t\t\t<\/div>\n\t\t\t\t<\/div>\n\t\t\t\t\t<\/div>\n\t\t<\/div>\n\t\t\t\t\t<\/div>\n\t\t<\/section>\n\t\t\t\t<section data-particle_enable=\"false\" data-particle-mobile-disabled=\"false\" class=\"elementor-section elementor-top-section elementor-element elementor-element-16657ab elementor-section-boxed elementor-section-height-default elementor-section-height-default\" data-id=\"16657ab\" data-element_type=\"section\">\n\t\t\t\t\t\t<div class=\"elementor-container elementor-column-gap-default\">\n\t\t\t\t\t<div class=\"elementor-column elementor-col-100 elementor-top-column elementor-element elementor-element-636c458\" data-id=\"636c458\" data-element_type=\"column\">\n\t\t\t<div class=\"elementor-widget-wrap elementor-element-populated\">\n\t\t\t\t\t\t<div class=\"elementor-element elementor-element-7be7b41 elementor-widget elementor-widget-heading\" data-id=\"7be7b41\" data-element_type=\"widget\" data-widget_type=\"heading.default\">\n\t\t\t\t<div class=\"elementor-widget-container\">\n\t\t\t\t\t<h1 class=\"elementor-heading-title elementor-size-default\">Eventos para pastores y l\u00edderes<\/h1>\t\t\t\t<\/div>\n\t\t\t\t<\/div>\n\t\t\t\t\t<\/div>\n\t\t<\/div>\n\t\t\t\t\t<\/div>\n\t\t<\/section>\n\t\t\t\t<section data-particle_enable=\"false\" data-particle-mobile-disabled=\"false\" class=\"elementor-section elementor-top-section elementor-element elementor-element-dc65944 elementor-section-boxed elementor-section-height-default elementor-section-height-default\" data-id=\"dc65944\" data-element_type=\"section\">\n\t\t\t\t\t\t<div class=\"elementor-container elementor-column-gap-default\">\n\t\t\t\t\t<div class=\"elementor-column elementor-col-100 elementor-top-column elementor-element elementor-element-611b7f3\" data-id=\"611b7f3\" data-element_type=\"column\">\n\t\t\t<div class=\"elementor-widget-wrap elementor-element-populated\">\n\t\t\t\t\t\t<div class=\"elementor-element elementor-element-3a7d750 elementor-widget elementor-widget-text-editor\" data-id=\"3a7d750\" data-element_type=\"widget\" data-widget_type=\"text-editor.default\">\n\t\t\t\t<div class=\"elementor-widget-container\">\n\t\t\t\t\t\t\t\t\t<h2><img decoding=\"async\" class=\"size-medium wp-image-91705 alignleft\" src=\"https:\/\/sites-stage.familylife.com\/vidaenfamilia\/wp-content\/uploads\/sites\/57\/2019\/08\/LaPrimeraFamiliaPortada-400x518.jpg\" alt=\"La Primera Familia Primero\" style=\"padding-bottom: 20px\" \/>La Primera Familia Primero<\/h2>\n<strong>Seminario de un d\u00eda para pastores y l\u00edderes y sus esposas<\/strong>\n<ul>\n \t<li>Este seminario anima a los pastores y sus esposas a considerar a su propia relaci\u00f3n matrimonial como un regalo especial de Dios. El matrimonio pastoral debe ser la piedra angular de las relaciones humanas en la congregaci\u00f3n, la familia y el ministerio.<\/li>\n<\/ul>\n<div><\/div>\n<ul>\n \t<li>A trav\u00e9s de proyectos pr\u00e1cticos, los pastores son ayudados para hacer de su propio matrimonio una prioridad, al darle a \u00e9ste el tiempo y la atenci\u00f3n que necesita para florecer.<\/li>\n<\/ul>\n<div><\/div>\n<ul>\n \t<li>El Manifiesto a la Familia, que se presenta en la primera sesi\u00f3n, es una declaraci\u00f3n de los principios b\u00edblicos que proveen la perspectiva de Dios para el matrimonio, la familia, los padres, los hijos, el divorcio, familias de un solo padres, etc. Este documento es la base para un s\u00f3lido ministerio a la familia en la iglesia local y la comunidad.<\/li>\n<\/ul>\n<div><\/div>\n<ul>\n \t<li>Se incluye en el seminario la presentaci\u00f3n de la estrategia de grupos hogare\u00f1os Constructores del Hogar, que es una serie de estudios b\u00edblicos para parejas en la din\u00e1mica de grupos peque\u00f1os, que ha tenido gran \u00e9xito en muchas iglesias. Es en los grupos peque\u00f1os que las parejas se estimulan mutuamente \u201clos unos a los otros\u201d, como dice la Escritura, en su crecimiento en Cristo y en su relaci\u00f3n como esposos.<\/li>\n<\/ul>\n<div><\/div>\n<ul>\n \t<li>Se proyecta una visi\u00f3n para recuperar la santidad del pacto matrimonial y para hacer de su iglesia un centro de entrenamiento para la familia, que alcance a la comunidad, la ciudad y el pa\u00eds con el mensaje del amor y el perd\u00f3n de Jesucristo, y fortalezca la familia, que es la base de la sociedad.<\/li>\n<\/ul>\t\t\t\t\t\t\t\t<\/div>\n\t\t\t\t<\/div>\n\t\t\t\t\t<\/div>\n\t\t<\/div>\n\t\t\t\t\t<\/div>\n\t\t<\/section>\n\t\t\t\t<section data-particle_enable=\"false\" data-particle-mobile-disabled=\"false\" class=\"elementor-section elementor-top-section elementor-element elementor-element-fec8dff elementor-section-boxed elementor-section-height-default elementor-section-height-default\" data-id=\"fec8dff\" data-element_type=\"section\">\n\t\t\t\t\t\t<div class=\"elementor-container elementor-column-gap-default\">\n\t\t\t\t\t<div class=\"elementor-column elementor-col-100 elementor-top-column elementor-element elementor-element-42d25ef\" data-id=\"42d25ef\" data-element_type=\"column\">\n\t\t\t<div class=\"elementor-widget-wrap elementor-element-populated\">\n\t\t\t\t\t\t\t<\/div>\n\t\t<\/div>\n\t\t\t\t\t<\/div>\n\t\t<\/section>\n\t\t\t\t<section data-particle_enable=\"false\" data-particle-mobile-disabled=\"false\" class=\"elementor-section elementor-top-section elementor-element elementor-element-315ae5f elementor-section-boxed elementor-section-height-default elementor-section-height-default\" data-id=\"315ae5f\" data-element_type=\"section\">\n\t\t\t\t\t\t<div class=\"elementor-container elementor-column-gap-default\">\n\t\t\t\t\t<div class=\"elementor-column elementor-col-100 elementor-top-column elementor-element elementor-element-31e0ba6\" data-id=\"31e0ba6\" data-element_type=\"column\">\n\t\t\t<div class=\"elementor-widget-wrap elementor-element-populated\">\n\t\t\t\t\t\t<div class=\"elementor-element elementor-element-a72eed4 elementor-widget elementor-widget-text-editor\" data-id=\"a72eed4\" data-element_type=\"widget\" data-widget_type=\"text-editor.default\">\n\t\t\t\t<div class=\"elementor-widget-container\">\n\t\t\t\t\t\t\t\t\t<h5><strong>Capacitaci\u00f3n Regional<\/strong><\/h5>\nSi le interesa participar en una de las <strong><em>Capacitaciones Regionales<\/em><\/strong>, favor de contactarse con: \u00a0<a href=\"mailto:vidaenfamilia@cru.org\">vidaenfamilia@cru.org<\/a>.\t\t\t\t\t\t\t\t<\/div>\n\t\t\t\t<\/div>\n\t\t\t\t\t<\/div>\n\t\t<\/div>\n\t\t\t\t\t<\/div>\n\t\t<\/section>\n\t\t\t\t<\/div>\n\t\t","protected":false},"excerpt":{"rendered":"<p>Eventos para pastores y l\u00edderes La Primera Familia Primero Seminario de un d\u00eda para pastores y l\u00edderes y sus esposas Este seminario anima a los pastores y sus esposas a considerar a su propia relaci\u00f3n matrimonial como un regalo especial de Dios. El matrimonio pastoral debe ser la piedra angular de las relaciones humanas en [&hellip;]<\/p>\n","protected":false},"author":57,"featured_media":0,"parent":0,"menu_order":0,"comment_status":"closed","ping_status":"closed","template":"","meta":{"_acf_changed":false,"inline_featured_image":false,"fl_requires_login":false,"footnotes":""},"class_list":["post-91701","page","type-page","status-publish","hentry"],"acf":[],"yoast_head":"<!-- This site is optimized with the Yoast SEO Premium plugin v18.3 (Yoast SEO v26.7) - https:\/\/yoast.com\/wordpress\/plugins\/seo\/ -->\n<title>Pastores y L\u00edderes - Vida en Familia<\/title>\n<meta name=\"robots\" content=\"index, follow, max-snippet:-1, max-image-preview:large, max-video-preview:-1\" \/>\n<link rel=\"canonical\" href=\"https:\/\/wp-stage.familylife.com\/vidaenfamilia\/pastores-y-lideres\/\" \/>\n<meta property=\"og:locale\" content=\"es_ES\" \/>\n<meta property=\"og:type\" content=\"article\" \/>\n<meta property=\"og:title\" content=\"Pastores y L\u00edderes\" \/>\n<meta property=\"og:description\" content=\"Eventos para pastores y l\u00edderes La Primera Familia Primero Seminario de un d\u00eda para pastores y l\u00edderes y sus esposas Este seminario anima a los pastores y sus esposas a considerar a su propia relaci\u00f3n matrimonial como un regalo especial de Dios. El matrimonio pastoral debe ser la piedra angular de las relaciones humanas en [&hellip;]\" \/>\n<meta property=\"og:url\" content=\"https:\/\/wp-stage.familylife.com\/vidaenfamilia\/pastores-y-lideres\/\" \/>\n<meta property=\"og:site_name\" content=\"Vida en Familia\" \/>\n<meta property=\"og:image\" content=\"http:\/\/wp-stage.familylife.com\/vidaenfamilia\/wp-content\/uploads\/sites\/254\/2019\/08\/LaPrimeraFamiliaPortada-400x518.jpg\" \/>\n<meta name=\"twitter:card\" content=\"summary_large_image\" \/>\n<meta name=\"twitter:label1\" content=\"Tiempo de lectura\" \/>\n\t<meta name=\"twitter:data1\" content=\"2 minutos\" \/>\n<script type=\"application\/ld+json\" class=\"yoast-schema-graph\">{\"@context\":\"https:\/\/schema.org\",\"@graph\":[{\"@type\":\"WebPage\",\"@id\":\"https:\/\/wp-stage.familylife.com\/vidaenfamilia\/pastores-y-lideres\/\",\"url\":\"https:\/\/wp-stage.familylife.com\/vidaenfamilia\/pastores-y-lideres\/\",\"name\":\"Pastores y L\u00edderes - Vida en Familia\",\"isPartOf\":{\"@id\":\"https:\/\/wp-stage.familylife.com\/vidaenfamilia\/#website\"},\"primaryImageOfPage\":{\"@id\":\"https:\/\/wp-stage.familylife.com\/vidaenfamilia\/pastores-y-lideres\/#primaryimage\"},\"image\":{\"@id\":\"https:\/\/wp-stage.familylife.com\/vidaenfamilia\/pastores-y-lideres\/#primaryimage\"},\"thumbnailUrl\":\"http:\/\/wp-stage.familylife.com\/vidaenfamilia\/wp-content\/uploads\/sites\/254\/2019\/08\/LaPrimeraFamiliaPortada-400x518.jpg\",\"datePublished\":\"2019-08-29T14:14:26+00:00\",\"breadcrumb\":{\"@id\":\"https:\/\/wp-stage.familylife.com\/vidaenfamilia\/pastores-y-lideres\/#breadcrumb\"},\"inLanguage\":\"es\",\"potentialAction\":[{\"@type\":\"ReadAction\",\"target\":[\"https:\/\/wp-stage.familylife.com\/vidaenfamilia\/pastores-y-lideres\/\"]}]},{\"@type\":\"ImageObject\",\"inLanguage\":\"es\",\"@id\":\"https:\/\/wp-stage.familylife.com\/vidaenfamilia\/pastores-y-lideres\/#primaryimage\",\"url\":\"http:\/\/wp-stage.familylife.com\/vidaenfamilia\/wp-content\/uploads\/sites\/254\/2019\/08\/LaPrimeraFamiliaPortada-400x518.jpg\",\"contentUrl\":\"http:\/\/wp-stage.familylife.com\/vidaenfamilia\/wp-content\/uploads\/sites\/254\/2019\/08\/LaPrimeraFamiliaPortada-400x518.jpg\"},{\"@type\":\"BreadcrumbList\",\"@id\":\"https:\/\/wp-stage.familylife.com\/vidaenfamilia\/pastores-y-lideres\/#breadcrumb\",\"itemListElement\":[{\"@type\":\"ListItem\",\"position\":1,\"name\":\"Home\",\"item\":\"https:\/\/wp-stage.familylife.com\/vidaenfamilia\/\"},{\"@type\":\"ListItem\",\"position\":2,\"name\":\"Pastores y L\u00edderes\"}]},{\"@type\":\"WebSite\",\"@id\":\"https:\/\/wp-stage.familylife.com\/vidaenfamilia\/#website\",\"url\":\"https:\/\/wp-stage.familylife.com\/vidaenfamilia\/\",\"name\":\"Vida en Familia\",\"description\":\"FamilyLifeLAC\",\"potentialAction\":[{\"@type\":\"SearchAction\",\"target\":{\"@type\":\"EntryPoint\",\"urlTemplate\":\"https:\/\/wp-stage.familylife.com\/vidaenfamilia\/?s={search_term_string}\"},\"query-input\":{\"@type\":\"PropertyValueSpecification\",\"valueRequired\":true,\"valueName\":\"search_term_string\"}}],\"inLanguage\":\"es\"}]}<\/script>\n<!-- \/ Yoast SEO Premium plugin. -->","yoast_head_json":{"title":"Pastores y L\u00edderes - Vida en Familia","robots":{"index":"index","follow":"follow","max-snippet":"max-snippet:-1","max-image-preview":"max-image-preview:large","max-video-preview":"max-video-preview:-1"},"canonical":"https:\/\/wp-stage.familylife.com\/vidaenfamilia\/pastores-y-lideres\/","og_locale":"es_ES","og_type":"article","og_title":"Pastores y L\u00edderes","og_description":"Eventos para pastores y l\u00edderes La Primera Familia Primero Seminario de un d\u00eda para pastores y l\u00edderes y sus esposas Este seminario anima a los pastores y sus esposas a considerar a su propia relaci\u00f3n matrimonial como un regalo especial de Dios. El matrimonio pastoral debe ser la piedra angular de las relaciones humanas en [&hellip;]","og_url":"https:\/\/wp-stage.familylife.com\/vidaenfamilia\/pastores-y-lideres\/","og_site_name":"Vida en Familia","og_image":[{"url":"http:\/\/wp-stage.familylife.com\/vidaenfamilia\/wp-content\/uploads\/sites\/254\/2019\/08\/LaPrimeraFamiliaPortada-400x518.jpg","type":"","width":"","height":""}],"twitter_card":"summary_large_image","twitter_misc":{"Tiempo de lectura":"2 minutos"},"schema":{"@context":"https:\/\/schema.org","@graph":[{"@type":"WebPage","@id":"https:\/\/wp-stage.familylife.com\/vidaenfamilia\/pastores-y-lideres\/","url":"https:\/\/wp-stage.familylife.com\/vidaenfamilia\/pastores-y-lideres\/","name":"Pastores y L\u00edderes - Vida en Familia","isPartOf":{"@id":"https:\/\/wp-stage.familylife.com\/vidaenfamilia\/#website"},"primaryImageOfPage":{"@id":"https:\/\/wp-stage.familylife.com\/vidaenfamilia\/pastores-y-lideres\/#primaryimage"},"image":{"@id":"https:\/\/wp-stage.familylife.com\/vidaenfamilia\/pastores-y-lideres\/#primaryimage"},"thumbnailUrl":"http:\/\/wp-stage.familylife.com\/vidaenfamilia\/wp-content\/uploads\/sites\/254\/2019\/08\/LaPrimeraFamiliaPortada-400x518.jpg","datePublished":"2019-08-29T14:14:26+00:00","breadcrumb":{"@id":"https:\/\/wp-stage.familylife.com\/vidaenfamilia\/pastores-y-lideres\/#breadcrumb"},"inLanguage":"es","potentialAction":[{"@type":"ReadAction","target":["https:\/\/wp-stage.familylife.com\/vidaenfamilia\/pastores-y-lideres\/"]}]},{"@type":"ImageObject","inLanguage":"es","@id":"https:\/\/wp-stage.familylife.com\/vidaenfamilia\/pastores-y-lideres\/#primaryimage","url":"http:\/\/wp-stage.familylife.com\/vidaenfamilia\/wp-content\/uploads\/sites\/254\/2019\/08\/LaPrimeraFamiliaPortada-400x518.jpg","contentUrl":"http:\/\/wp-stage.familylife.com\/vidaenfamilia\/wp-content\/uploads\/sites\/254\/2019\/08\/LaPrimeraFamiliaPortada-400x518.jpg"},{"@type":"BreadcrumbList","@id":"https:\/\/wp-stage.familylife.com\/vidaenfamilia\/pastores-y-lideres\/#breadcrumb","itemListElement":[{"@type":"ListItem","position":1,"name":"Home","item":"https:\/\/wp-stage.familylife.com\/vidaenfamilia\/"},{"@type":"ListItem","position":2,"name":"Pastores y L\u00edderes"}]},{"@type":"WebSite","@id":"https:\/\/wp-stage.familylife.com\/vidaenfamilia\/#website","url":"https:\/\/wp-stage.familylife.com\/vidaenfamilia\/","name":"Vida en Familia","description":"FamilyLifeLAC","potentialAction":[{"@type":"SearchAction","target":{"@type":"EntryPoint","urlTemplate":"https:\/\/wp-stage.familylife.com\/vidaenfamilia\/?s={search_term_string}"},"query-input":{"@type":"PropertyValueSpecification","valueRequired":true,"valueName":"search_term_string"}}],"inLanguage":"es"}]}},"meta_box":{"_cloudsearch_visibility":""},"_links":{"self":[{"href":"https:\/\/wp-stage.familylife.com\/vidaenfamilia\/wp-json\/wp\/v2\/pages\/91701","targetHints":{"allow":["GET"]}}],"collection":[{"href":"https:\/\/wp-stage.familylife.com\/vidaenfamilia\/wp-json\/wp\/v2\/pages"}],"about":[{"href":"https:\/\/wp-stage.familylife.com\/vidaenfamilia\/wp-json\/wp\/v2\/types\/page"}],"author":[{"embeddable":true,"href":"https:\/\/wp-stage.familylife.com\/vidaenfamilia\/wp-json\/wp\/v2\/users\/57"}],"replies":[{"embeddable":true,"href":"https:\/\/wp-stage.familylife.com\/vidaenfamilia\/wp-json\/wp\/v2\/comments?post=91701"}],"version-history":[{"count":0,"href":"https:\/\/wp-stage.familylife.com\/vidaenfamilia\/wp-json\/wp\/v2\/pages\/91701\/revisions"}],"wp:attachment":[{"href":"https:\/\/wp-stage.familylife.com\/vidaenfamilia\/wp-json\/wp\/v2\/media?parent=91701"}],"curies":[{"name":"wp","href":"https:\/\/api.w.org\/{rel}","templated":true}]}}